{"id":13611,"date":"2020-04-13T22:21:39","date_gmt":"2020-04-13T22:21:39","guid":{"rendered":"http:\/\/rayan-chauffage.com\/?page_id=13611"},"modified":"2021-11-19T17:23:43","modified_gmt":"2021-11-19T17:23:43","slug":"contacts","status":"publish","type":"page","link":"https:\/\/rayan-chauffage.com\/sq\/contacts\/","title":{"rendered":"Kontaktet"},"content":{"rendered":"<body>\t\t<div data-elementor-type=\"wp-page\" data-elementor-id=\"13611\" class=\"elementor elementor-13611\" data-elementor-post-type=\"page\">\n\t\t\t\t\t\t<section class=\"elementor-section elementor-top-section elementor-element elementor-element-3724f34 elementor-section-boxed elementor-section-height-default elementor-section-height-default\" data-id=\"3724f34\" data-element_type=\"section\" data-e-type=\"section\">\n\t\t\t\t\t\t<div class=\"elementor-container elementor-column-gap-no\">\n\t\t\t\t\t<div class=\"elementor-column elementor-col-100 elementor-top-column elementor-element elementor-element-9b8c152\" data-id=\"9b8c152\" data-element_type=\"column\" data-e-type=\"column\">\n\t\t\t<div class=\"elementor-widget-wrap elementor-element-populated\">\n\t\t\t\t\t\t<div class=\"elementor-element elementor-element-16d0b91 elementor-widget elementor-widget-spacer\" data-id=\"16d0b91\" data-element_type=\"widget\" data-e-type=\"widget\" data-widget_type=\"spacer.default\">\n\t\t\t\t<div class=\"elementor-widget-container\">\n\t\t\t\t\t\t\t<div class=\"elementor-spacer\">\n\t\t\t<div class=\"elementor-spacer-inner\"><\/div>\n\t\t<\/div>\n\t\t\t\t\t\t<\/div>\n\t\t\t\t<\/div>\n\t\t\t\t\t<\/div>\n\t\t<\/div>\n\t\t\t\t\t<\/div>\n\t\t<\/section>\n\t\t\t\t<section class=\"elementor-section elementor-top-section elementor-element elementor-element-debaf82 elementor-section-full_width elementor-section-height-default elementor-section-height-default\" data-id=\"debaf82\" data-element_type=\"section\" data-e-type=\"section\">\n\t\t\t\t\t\t<div class=\"elementor-container elementor-column-gap-no\">\n\t\t\t\t\t<div class=\"elementor-column elementor-col-100 elementor-top-column elementor-element elementor-element-2a47e91\" data-id=\"2a47e91\" data-element_type=\"column\" data-e-type=\"column\">\n\t\t\t<div class=\"elementor-widget-wrap\">\n\t\t\t\t\t\t\t<\/div>\n\t\t<\/div>\n\t\t\t\t\t<\/div>\n\t\t<\/section>\n\t\t\t\t<section class=\"elementor-section elementor-top-section elementor-element elementor-element-092bdc6 elementor-section-boxed elementor-section-height-default elementor-section-height-default\" data-id=\"092bdc6\" data-element_type=\"section\" data-e-type=\"section\">\n\t\t\t\t\t\t<div class=\"elementor-container elementor-column-gap-default\">\n\t\t\t\t\t<div class=\"elementor-column elementor-col-100 elementor-top-column elementor-element elementor-element-88dc597\" data-id=\"88dc597\" data-element_type=\"column\" data-e-type=\"column\">\n\t\t\t<div class=\"elementor-widget-wrap\">\n\t\t\t\t\t\t\t<\/div>\n\t\t<\/div>\n\t\t\t\t\t<\/div>\n\t\t<\/section>\n\t\t\t\t<section class=\"elementor-section elementor-top-section elementor-element elementor-element-0637fe6 elementor-section-boxed elementor-section-height-default elementor-section-height-default\" data-id=\"0637fe6\" data-element_type=\"section\" data-e-type=\"section\" data-settings='{\"background_background\":\"classic\"}'>\n\t\t\t\t\t\t<div class=\"elementor-container elementor-column-gap-default\">\n\t\t\t\t\t<div class=\"elementor-column elementor-col-100 elementor-top-column elementor-element elementor-element-5f5bad5 lte-background-gray\" data-id=\"5f5bad5\" data-element_type=\"column\" data-e-type=\"column\">\n\t\t\t<div class=\"elementor-widget-wrap elementor-element-populated\">\n\t\t\t\t\t\t<div class=\"elementor-element elementor-element-ed10cfb elementor-widget elementor-widget-spacer\" data-id=\"ed10cfb\" data-element_type=\"widget\" data-e-type=\"widget\" data-widget_type=\"spacer.default\">\n\t\t\t\t<div class=\"elementor-widget-container\">\n\t\t\t\t\t\t\t<div class=\"elementor-spacer\">\n\t\t\t<div class=\"elementor-spacer-inner\"><\/div>\n\t\t<\/div>\n\t\t\t\t\t\t<\/div>\n\t\t\t\t<\/div>\n\t\t\t\t<div class=\"elementor-element elementor-element-c76a175 lte-heading-align-center elementor-widget elementor-widget-lte-header\" data-id=\"c76a175\" data-element_type=\"widget\" data-e-type=\"widget\" data-widget_type=\"lte-header.default\">\n\t\t\t\t<div class=\"elementor-widget-container\">\n\t\t\t\t\t<div class=\"lte-heading lte-style-default lte-subcolor-main heading-tag-h4 heading-subtag-h6\"><div class=\"lte-heading-content\"><h4 class=\"lte-header\">D\u00ebrgo mesazhin<\/h4><\/div><\/div>\t\t\t\t<\/div>\n\t\t\t\t<\/div>\n\t\t\t\t<div class=\"elementor-element elementor-element-89ff2b2 elementor-widget elementor-widget-text-editor\" data-id=\"89ff2b2\" data-element_type=\"widget\" data-e-type=\"widget\" data-widget_type=\"text-editor.default\">\n\t\t\t\t<div class=\"elementor-widget-container\">\n\t\t\t\t\t\t\t\t\t<p>Plot\u00ebsoni k\u00ebt\u00eb formular dhe specialist\u00ebt tan\u00eb do t&#039;ju kontaktojn\u00eb s\u00eb shpejti p\u00ebr nj\u00eb konsult\u00eb t\u00eb detajuar.<\/p>\t\t\t\t\t\t\t\t<\/div>\n\t\t\t\t<\/div>\n\t\t\t\t<div class=\"elementor-element elementor-element-9d9add7 lte-background-transparent cf7-btn elementor-widget elementor-widget-lte-cf7\" data-id=\"9d9add7\" data-element_type=\"widget\" data-e-type=\"widget\" data-widget_type=\"lte-cf7.default\">\n\t\t\t\t<div class=\"elementor-widget-container\">\n\t\t\t\t\t<div class=\"lte-contact-form-7 lte-padding- lte-btn-main lte-full-width-no\">\n<div class=\"wpcf7 no-js\" id=\"wpcf7-f20707-o1\" lang=\"en-US\" dir=\"ltr\" data-wpcf7-id=\"20707\">\n<div class=\"screen-reader-response\"><p role=\"status\" aria-live=\"polite\" aria-atomic=\"true\"><\/p> <ul><\/ul><\/div>\n<form action=\"\/sq\/wp-json\/wp\/v2\/pages\/13611#wpcf7-f20707-o1\" method=\"post\" class=\"wpcf7-form init\" aria-label=\"Contact form\" novalidate=\"novalidate\" data-status=\"init\" data-trp-original-action=\"\/sq\/wp-json\/wp\/v2\/pages\/13611#wpcf7-f20707-o1\">\n<fieldset class=\"hidden-fields-container\"><input type=\"hidden\" name=\"_wpcf7\" value=\"20707\"><input type=\"hidden\" name=\"_wpcf7_version\" value=\"6.1.5\"><input type=\"hidden\" name=\"_wpcf7_locale\" value=\"en_US\"><input type=\"hidden\" name=\"_wpcf7_unit_tag\" value=\"wpcf7-f20707-o1\"><input type=\"hidden\" name=\"_wpcf7_container_post\" value=\"0\"><input type=\"hidden\" name=\"_wpcf7_posted_data_hash\" value=\"\">\n<\/fieldset>\n<div class=\"row\">\n\t<div class=\"col-lg-6 col-md-12 col-xs-12\">\n\t\t<p><span class=\"wpcf7-form-control-wrap\" data-name=\"field-name\"><input size=\"40\" maxlength=\"400\" class=\"wpcf7-form-control wpcf7-text wpcf7-validates-as-required\" aria-required=\"true\" aria-invalid=\"false\" placeholder=\"Emri juaj\" value=\"\" type=\"text\" name=\"field-name\"><\/span>\n\t\t<\/p>\n\t<\/div>\n\t<div class=\"col-lg-6 col-md-12 col-xs-12\">\n\t\t<p><span class=\"wpcf7-form-control-wrap\" data-name=\"field-email\"><input size=\"40\" maxlength=\"400\" class=\"wpcf7-form-control wpcf7-text wpcf7-validates-as-required\" aria-required=\"true\" aria-invalid=\"false\" placeholder=\"Email-i juaj\" value=\"\" type=\"text\" name=\"field-email\"><\/span>\n\t\t<\/p>\n\t<\/div>\n\t<div class=\"col-lg-12 col-md-12 col-xs-12\">\n\t\t<p><span class=\"wpcf7-form-control-wrap\" data-name=\"field-message\"><textarea cols=\"40\" rows=\"10\" maxlength=\"2000\" class=\"wpcf7-form-control wpcf7-textarea\" aria-invalid=\"false\" placeholder=\"Nj\u00eb mesazh\" name=\"field-message\"><\/textarea><\/span>\n\t\t<\/p>\n\t<\/div>\n<\/div>\n<p><input class=\"wpcf7-form-control wpcf7-submit has-spinner\" type=\"submit\" value=\"TP dor\u00ebzoj\u00eb\">\n<\/p><p style=\"display: none !important;\" class=\"akismet-fields-container\" data-prefix=\"_wpcf7_ak_\"><label>\u0394<textarea name=\"_wpcf7_ak_hp_textarea\" cols=\"45\" rows=\"8\" maxlength=\"100\"><\/textarea><\/label><input type=\"hidden\" id=\"ak_js_1\" name=\"_wpcf7_ak_js\" value=\"34\"><script>document.getElementById( \"ak_js_1\" ).setAttribute( \"value\", ( new Date() ).getTime() );<\/script><\/p><div class=\"wpcf7-response-output\" aria-hidden=\"true\"><\/div>\n<input type=\"hidden\" name=\"trp-form-language\" value=\"sq\"\/><\/form>\n<\/div>\n<\/div>\t\t\t\t<\/div>\n\t\t\t\t<\/div>\n\t\t\t\t<div class=\"elementor-element elementor-element-8bd9bb5 elementor-widget elementor-widget-spacer\" data-id=\"8bd9bb5\" data-element_type=\"widget\" data-e-type=\"widget\" data-widget_type=\"spacer.default\">\n\t\t\t\t<div class=\"elementor-widget-container\">\n\t\t\t\t\t\t\t<div class=\"elementor-spacer\">\n\t\t\t<div class=\"elementor-spacer-inner\"><\/div>\n\t\t<\/div>\n\t\t\t\t\t\t<\/div>\n\t\t\t\t<\/div>\n\t\t\t\t\t<\/div>\n\t\t<\/div>\n\t\t\t\t\t<\/div>\n\t\t<\/section>\n\t\t\t\t<\/div>\n\t\t<\/body>","protected":false},"excerpt":{"rendered":"<p>Envoyer le message Remplissez ce formulaire et nos sp\u00e9cialistes vous contacteront sous peu pour une consultation d\u00e9taill\u00e9e. \u0394<\/p>","protected":false},"author":1,"featured_media":0,"parent":0,"menu_order":0,"comment_status":"closed","ping_status":"closed","template":"page-templates\/full-width.php","meta":{"footnotes":""},"class_list":["post-13611","page","type-page","status-publish","hentry"],"yoast_head":"<!-- This site is optimized with the Yoast SEO Premium plugin v20.9 (Yoast SEO v27.4) - https:\/\/yoast.com\/product\/yoast-seo-premium-wordpress\/ -->\n<title>Contacts - Rayan<\/title>\n<meta name=\"robots\" content=\"index, follow, max-snippet:-1, max-image-preview:large, max-video-preview:-1\" \/>\n<link rel=\"canonical\" href=\"https:\/\/rayan-chauffage.com\/sq\/contacts\/\" \/>\n<meta property=\"og:locale\" content=\"sq_AL\" \/>\n<meta property=\"og:type\" content=\"article\" \/>\n<meta property=\"og:title\" content=\"Contacts\" \/>\n<meta property=\"og:description\" content=\"Envoyer le message Remplissez ce formulaire et nos sp\u00e9cialistes vous contacteront sous peu pour une consultation d\u00e9taill\u00e9e. \u0394\" \/>\n<meta property=\"og:url\" content=\"https:\/\/rayan-chauffage.com\/sq\/contacts\/\" \/>\n<meta property=\"og:site_name\" content=\"Rayan\" \/>\n<meta property=\"article:modified_time\" content=\"2021-11-19T17:23:43+00:00\" \/>\n<meta property=\"og:image\" content=\"https:\/\/i0.wp.com\/rayan-chauffage.com\/wp-content\/uploads\/2021\/11\/rayan-5.png?fit=7651%2C2527&ssl=1\" \/>\n\t<meta property=\"og:image:width\" content=\"7651\" \/>\n\t<meta property=\"og:image:height\" content=\"2527\" \/>\n\t<meta property=\"og:image:type\" content=\"image\/png\" \/>\n<meta name=\"twitter:card\" content=\"summary_large_image\" \/>\n<script type=\"application\/ld+json\" class=\"yoast-schema-graph\">{\"@context\":\"https:\\\/\\\/schema.org\",\"@graph\":[{\"@type\":\"WebPage\",\"@id\":\"https:\\\/\\\/rayan-chauffage.com\\\/contacts\\\/\",\"url\":\"https:\\\/\\\/rayan-chauffage.com\\\/contacts\\\/\",\"name\":\"Contacts - Rayan\",\"isPartOf\":{\"@id\":\"https:\\\/\\\/rayan-chauffage.com\\\/#website\"},\"datePublished\":\"2020-04-13T22:21:39+00:00\",\"dateModified\":\"2021-11-19T17:23:43+00:00\",\"breadcrumb\":{\"@id\":\"https:\\\/\\\/rayan-chauffage.com\\\/contacts\\\/#breadcrumb\"},\"inLanguage\":\"sq\",\"potentialAction\":[{\"@type\":\"ReadAction\",\"target\":[\"https:\\\/\\\/rayan-chauffage.com\\\/contacts\\\/\"]}]},{\"@type\":\"BreadcrumbList\",\"@id\":\"https:\\\/\\\/rayan-chauffage.com\\\/contacts\\\/#breadcrumb\",\"itemListElement\":[{\"@type\":\"ListItem\",\"position\":1,\"name\":\"Home\",\"item\":\"https:\\\/\\\/rayan-chauffage.com\\\/\"},{\"@type\":\"ListItem\",\"position\":2,\"name\":\"Contacts\"}]},{\"@type\":\"WebSite\",\"@id\":\"https:\\\/\\\/rayan-chauffage.com\\\/#website\",\"url\":\"https:\\\/\\\/rayan-chauffage.com\\\/\",\"name\":\"Rayan\",\"description\":\"Chauffage &amp; Sanitaires Sarl\",\"publisher\":{\"@id\":\"https:\\\/\\\/rayan-chauffage.com\\\/#\\\/schema\\\/person\\\/26d72037397f6758080a150de1ad7b71\"},\"alternateName\":\"Chauffage & Sanitaire\",\"potentialAction\":[{\"@type\":\"SearchAction\",\"target\":{\"@type\":\"EntryPoint\",\"urlTemplate\":\"https:\\\/\\\/rayan-chauffage.com\\\/?s={search_term_string}\"},\"query-input\":{\"@type\":\"PropertyValueSpecification\",\"valueRequired\":true,\"valueName\":\"search_term_string\"}}],\"inLanguage\":\"sq\"},{\"@type\":[\"Person\",\"Organization\"],\"@id\":\"https:\\\/\\\/rayan-chauffage.com\\\/#\\\/schema\\\/person\\\/26d72037397f6758080a150de1ad7b71\",\"name\":\"shqiprimsh\",\"image\":{\"@type\":\"ImageObject\",\"inLanguage\":\"sq\",\"@id\":\"https:\\\/\\\/i0.wp.com\\\/rayan-chauffage.com\\\/wp-content\\\/uploads\\\/2020\\\/03\\\/RAYANEqq-1-removebg-preview.png?fit=561%2C445&ssl=1\",\"url\":\"https:\\\/\\\/i0.wp.com\\\/rayan-chauffage.com\\\/wp-content\\\/uploads\\\/2020\\\/03\\\/RAYANEqq-1-removebg-preview.png?fit=561%2C445&ssl=1\",\"contentUrl\":\"https:\\\/\\\/i0.wp.com\\\/rayan-chauffage.com\\\/wp-content\\\/uploads\\\/2020\\\/03\\\/RAYANEqq-1-removebg-preview.png?fit=561%2C445&ssl=1\",\"width\":561,\"height\":445,\"caption\":\"shqiprimsh\"},\"logo\":{\"@id\":\"https:\\\/\\\/i0.wp.com\\\/rayan-chauffage.com\\\/wp-content\\\/uploads\\\/2020\\\/03\\\/RAYANEqq-1-removebg-preview.png?fit=561%2C445&ssl=1\"},\"sameAs\":[\"http:\\\/\\\/rayan-chauffage.com\"]}]}<\/script>\n<!-- \/ Yoast SEO Premium plugin. -->","yoast_head_json":{"title":"Contacts - Rayan","robots":{"index":"index","follow":"follow","max-snippet":"max-snippet:-1","max-image-preview":"max-image-preview:large","max-video-preview":"max-video-preview:-1"},"canonical":"https:\/\/rayan-chauffage.com\/sq\/contacts\/","og_locale":"sq_AL","og_type":"article","og_title":"Contacts","og_description":"Envoyer le message Remplissez ce formulaire et nos sp\u00e9cialistes vous contacteront sous peu pour une consultation d\u00e9taill\u00e9e. \u0394","og_url":"https:\/\/rayan-chauffage.com\/sq\/contacts\/","og_site_name":"Rayan","article_modified_time":"2021-11-19T17:23:43+00:00","og_image":[{"width":7651,"height":2527,"url":"https:\/\/i0.wp.com\/rayan-chauffage.com\/wp-content\/uploads\/2021\/11\/rayan-5.png?fit=7651%2C2527&ssl=1","type":"image\/png"}],"twitter_card":"summary_large_image","schema":{"@context":"https:\/\/schema.org","@graph":[{"@type":"WebPage","@id":"https:\/\/rayan-chauffage.com\/contacts\/","url":"https:\/\/rayan-chauffage.com\/contacts\/","name":"Contacts - Rayan","isPartOf":{"@id":"https:\/\/rayan-chauffage.com\/#website"},"datePublished":"2020-04-13T22:21:39+00:00","dateModified":"2021-11-19T17:23:43+00:00","breadcrumb":{"@id":"https:\/\/rayan-chauffage.com\/contacts\/#breadcrumb"},"inLanguage":"sq","potentialAction":[{"@type":"ReadAction","target":["https:\/\/rayan-chauffage.com\/contacts\/"]}]},{"@type":"BreadcrumbList","@id":"https:\/\/rayan-chauffage.com\/contacts\/#breadcrumb","itemListElement":[{"@type":"ListItem","position":1,"name":"Home","item":"https:\/\/rayan-chauffage.com\/"},{"@type":"ListItem","position":2,"name":"Contacts"}]},{"@type":"WebSite","@id":"https:\/\/rayan-chauffage.com\/#website","url":"https:\/\/rayan-chauffage.com\/","name":"Rayan","description":"Chauffage &amp; Sanitaires Sarl","publisher":{"@id":"https:\/\/rayan-chauffage.com\/#\/schema\/person\/26d72037397f6758080a150de1ad7b71"},"alternateName":"Chauffage & Sanitaire","potentialAction":[{"@type":"SearchAction","target":{"@type":"EntryPoint","urlTemplate":"https:\/\/rayan-chauffage.com\/?s={search_term_string}"},"query-input":{"@type":"PropertyValueSpecification","valueRequired":true,"valueName":"search_term_string"}}],"inLanguage":"sq"},{"@type":["Person","Organization"],"@id":"https:\/\/rayan-chauffage.com\/#\/schema\/person\/26d72037397f6758080a150de1ad7b71","name":"shqiprimsh","image":{"@type":"ImageObject","inLanguage":"sq","@id":"https:\/\/i0.wp.com\/rayan-chauffage.com\/wp-content\/uploads\/2020\/03\/RAYANEqq-1-removebg-preview.png?fit=561%2C445&ssl=1","url":"https:\/\/i0.wp.com\/rayan-chauffage.com\/wp-content\/uploads\/2020\/03\/RAYANEqq-1-removebg-preview.png?fit=561%2C445&ssl=1","contentUrl":"https:\/\/i0.wp.com\/rayan-chauffage.com\/wp-content\/uploads\/2020\/03\/RAYANEqq-1-removebg-preview.png?fit=561%2C445&ssl=1","width":561,"height":445,"caption":"shqiprimsh"},"logo":{"@id":"https:\/\/i0.wp.com\/rayan-chauffage.com\/wp-content\/uploads\/2020\/03\/RAYANEqq-1-removebg-preview.png?fit=561%2C445&ssl=1"},"sameAs":["http:\/\/rayan-chauffage.com"]}]}},"jetpack_sharing_enabled":true,"_links":{"self":[{"href":"https:\/\/rayan-chauffage.com\/sq\/wp-json\/wp\/v2\/pages\/13611","targetHints":{"allow":["GET"]}}],"collection":[{"href":"https:\/\/rayan-chauffage.com\/sq\/wp-json\/wp\/v2\/pages"}],"about":[{"href":"https:\/\/rayan-chauffage.com\/sq\/wp-json\/wp\/v2\/types\/page"}],"author":[{"embeddable":true,"href":"https:\/\/rayan-chauffage.com\/sq\/wp-json\/wp\/v2\/users\/1"}],"replies":[{"embeddable":true,"href":"https:\/\/rayan-chauffage.com\/sq\/wp-json\/wp\/v2\/comments?post=13611"}],"version-history":[{"count":0,"href":"https:\/\/rayan-chauffage.com\/sq\/wp-json\/wp\/v2\/pages\/13611\/revisions"}],"wp:attachment":[{"href":"https:\/\/rayan-chauffage.com\/sq\/wp-json\/wp\/v2\/media?parent=13611"}],"curies":[{"name":"wp","href":"https:\/\/api.w.org\/{rel}","templated":true}]}}